{"id":265,"date":"2018-02-05T15:03:09","date_gmt":"2018-02-05T15:03:09","guid":{"rendered":"http:\/\/sandbox2.n-3rd.com\/pcmquiz\/?page_id=265"},"modified":"2018-06-11T16:25:21","modified_gmt":"2018-06-11T16:25:21","slug":"pcm-quiz","status":"publish","type":"page","link":"https:\/\/www.pcmquiz.com\/landing\/pcm-quiz\/","title":{"rendered":"PCM Quiz ?"},"content":{"rendered":"<div class=\"container section-title-container\" style=\"margin-top:50px;\"><h3 class=\"section-title section-title-center\"><b><\/b><span class=\"section-title-main\" style=\"font-size:130%;\">Donnez de l'interactivit\u00e9 et du fun \u00e0 vos pr\u00e9sentations<\/span><b><\/b><\/h3><\/div><!-- .section-title -->\n\n  <div class=\"banner has-hover\" id=\"banner-805516587\">\n          <div class=\"banner-inner fill\">\n        <div class=\"banner-bg fill\" >\n            <div class=\"bg fill bg-fill \"><\/div>\n                                    \n                    <\/div><!-- bg-layers -->\n        <div class=\"banner-layers container\">\n            <div class=\"fill banner-link\"><\/div>            \n   <div id=\"text-box-1964778145\" class=\"text-box banner-layer x50 md-x50 lg-x50 y0 md-y0 lg-y0 res-text\">\n                                <div class=\"text \">\n              \n              <div class=\"text-inner text-center\">\n                  \n<p style=\"text-align: left;\">PCM quiz est un outil de vote en ligne \u00e0 forte valeur-ajout\u00e9e p\u00e9dagogique\u00a0proposant des jeux Process Communication Model\u00ae valid\u00e9s par des Master Trainers pour ancrer les apprentissages des diff\u00e9rentes composantes du mod\u00e8le de fa\u00e7on fun et efficace !<\/p>\n              <\/div>\n           <\/div><!-- text-box-inner -->\n                            \n<style scope=\"scope\">\n\n#text-box-1964778145 {\n  width: 60%;\n}\n#text-box-1964778145 .text {\n  font-size: 100%;\n}\n\n\n@media (min-width:550px) {\n\n  #text-box-1964778145 {\n    width: 56%;\n  }\n\n}\n<\/style>\n    <\/div><!-- text-box -->\n \n\t<div class=\"img has-hover x50 md-x50 lg-x50 y50 md-y80 lg-y80\" id=\"image_1603751820\">\n\t\t\t\t\t\t\t\t<div class=\"img-inner dark\" >\n\t\t\t<img width=\"1020\" height=\"584\" src=\"https:\/\/www.pcmquiz.com\/landing\/wp-content\/uploads\/2018\/03\/MyPCMQUIZ-1398x800.png\" class=\"attachment-large size-large\" alt=\"\" loading=\"lazy\" srcset=\"https:\/\/www.pcmquiz.com\/landing\/wp-content\/uploads\/2018\/03\/MyPCMQUIZ-1398x800.png 1398w, https:\/\/www.pcmquiz.com\/landing\/wp-content\/uploads\/2018\/03\/MyPCMQUIZ-699x400.png 699w, https:\/\/www.pcmquiz.com\/landing\/wp-content\/uploads\/2018\/03\/MyPCMQUIZ-768x440.png 768w\" sizes=\"(max-width: 1020px) 100vw, 1020px\" \/>\t\t\t\t\t\t\n\t\t\t\t\t<\/div>\n\t\t\t\t\t\t\t\t\n<style scope=\"scope\">\n\n#image_1603751820 {\n  width: 80%;\n}\n\n\n@media (min-width:550px) {\n\n  #image_1603751820 {\n    width: 55%;\n  }\n\n}\n<\/style>\n\t<\/div>\n\t\n   <div id=\"text-box-334576582\" class=\"text-box banner-layer x90 md-x95 lg-x95 y40 md-y60 lg-y60 res-text\">\n                                <div class=\"text \">\n              \n              <div class=\"text-inner text-center\">\n                  \n<h2 style=\"color:#27a6de\">Connect\u00e9<\/h2>\n              <\/div>\n           <\/div><!-- text-box-inner -->\n                            \n<style scope=\"scope\">\n\n#text-box-334576582 {\n  width: 19%;\n}\n#text-box-334576582 .text {\n  font-size: 73%;\n}\n<\/style>\n    <\/div><!-- text-box -->\n \n   <div id=\"text-box-654950281\" class=\"text-box banner-layer x10 md-x10 lg-x10 y30 md-y25 lg-y25 res-text\">\n                                <div class=\"text \">\n              \n              <div class=\"text-inner text-left\">\n                  \n<h2 style=\"color:#27a6de\">Int\u00e9ractif<\/h2>\n              <\/div>\n           <\/div><!-- text-box-inner -->\n                            \n<style scope=\"scope\">\n\n#text-box-654950281 {\n  width: 20%;\n}\n#text-box-654950281 .text {\n  font-size: 76%;\n}\n<\/style>\n    <\/div><!-- text-box -->\n \n   <div id=\"text-box-209805355\" class=\"text-box banner-layer x10 md-x10 lg-x10 y70 md-y75 lg-y75 res-text\">\n                                <div class=\"text \">\n              \n              <div class=\"text-inner text-center\">\n                  \n<h2 style=\"color:#27a6de\">Ludique<\/h2>\n              <\/div>\n           <\/div><!-- text-box-inner -->\n                            \n<style scope=\"scope\">\n\n#text-box-209805355 {\n  width: 21%;\n}\n#text-box-209805355 .text {\n  font-size: 76%;\n}\n<\/style>\n    <\/div><!-- text-box -->\n \n        <\/div><!-- .banner-layers -->\n      <\/div><!-- .banner-inner -->\n\n            \n<style scope=\"scope\">\n\n#banner-805516587 {\n  padding-top: 600px;\n  background-color: rgb(255,255,255);\n}\n<\/style>\n  <\/div><!-- .banner -->\n\n\n\n  <div class=\"banner has-hover\" id=\"banner-1056375967\">\n          <div class=\"banner-inner fill\">\n        <div class=\"banner-bg fill\" >\n            <div class=\"bg fill bg-fill \"><\/div>\n                                    \n                    <\/div><!-- bg-layers -->\n        <div class=\"banner-layers container\">\n            <div class=\"fill banner-link\"><\/div>            \n   <div id=\"text-box-667854603\" class=\"text-box banner-layer x50 md-x50 lg-x50 y5 md-y5 lg-y5 res-text\">\n                                <div class=\"text dark\">\n              \n              <div class=\"text-inner text-center\">\n                  \n<div class=\"container section-title-container\" ><h3 class=\"section-title section-title-center\"><b><\/b><span class=\"section-title-main\" >Un outil p\u00e9dagogique innovant<\/span><b><\/b><\/h3><\/div><!-- .section-title -->\n              <\/div>\n           <\/div><!-- text-box-inner -->\n                            \n<style scope=\"scope\">\n\n#text-box-667854603 {\n  width: 60%;\n}\n#text-box-667854603 .text {\n  font-size: 100%;\n}\n<\/style>\n    <\/div><!-- text-box -->\n \n   <div id=\"text-box-268293170\" class=\"text-box banner-layer x10 md-x10 lg-x10 y15 md-y15 lg-y15 res-text\">\n                                <div class=\"text dark\">\n              \n              <div class=\"text-inner text-center\">\n                  \n\t<div class=\"img has-hover x md-x lg-x y md-y lg-y\" id=\"image_381686902\">\n\t\t\t\t\t\t\t\t<div class=\"img-inner dark\" >\n\t\t\t<img width=\"176\" height=\"139\" src=\"https:\/\/www.pcmquiz.com\/landing\/wp-content\/uploads\/2018\/03\/picto_pcm23.png\" class=\"attachment-large size-large\" alt=\"\" loading=\"lazy\" \/>\t\t\t\t\t\t\n\t\t\t\t\t<\/div>\n\t\t\t\t\t\t\t\t\n<style scope=\"scope\">\n\n#image_381686902 {\n  width: 60%;\n}\n<\/style>\n\t<\/div>\n\t\n              <\/div>\n           <\/div><!-- text-box-inner -->\n                            \n<style scope=\"scope\">\n\n#text-box-268293170 {\n  margin: 33px 0px 35px 0px;\n  width: 6%;\n}\n#text-box-268293170 .text {\n  font-size: 100%;\n}\n\n\n@media (min-width:550px) {\n\n  #text-box-268293170 {\n    margin: 24px 0px 46px 0px;\n  }\n\n}\n\n\n@media (min-width:850px) {\n\n  #text-box-268293170 {\n    margin: 24px 0px 0px 0px;\n  }\n\n}\n<\/style>\n    <\/div><!-- text-box -->\n \n   <div id=\"text-box-1751330564\" class=\"text-box banner-layer x95 md-x95 lg-x95 y15 md-y15 lg-y15 res-text\">\n                                <div class=\"text dark\">\n              \n              <div class=\"text-inner text-center\">\n                  \n<p style=\"text-align: left;\"><b>Imm\u00e9diatement op\u00e9rationnel d\u00e8s votre compte <\/b><b>cr\u00e9\u00e9<\/b><\/p>\n<p style=\"text-align: left;\"><span style=\"font-weight: 400;\">Il s\u2019agit d\u2019une Web <\/span><span style=\"font-weight: 400;\">app<\/span><span style=\"font-weight: 400;\">, ce qui signifie qu&#8217;aucun t\u00e9l\u00e9chargement ou installation n&#8217;est requis. Jouez en quelques secondes depuis n&#8217;importe quel endroit en utilisant votre propre appareil: smartphone, ordinateur ou tablette. C\u2019est tr\u00e8s simple !<\/span><\/p>\n              <\/div>\n           <\/div><!-- text-box-inner -->\n                            \n<style scope=\"scope\">\n\n#text-box-1751330564 {\n  margin: 23px 0px 0px 0px;\n  width: 77%;\n}\n#text-box-1751330564 .text {\n  font-size: 100%;\n}\n\n\n@media (min-width:550px) {\n\n  #text-box-1751330564 {\n    margin: -30px 0px 0px 0px;\n  }\n\n}\n<\/style>\n    <\/div><!-- text-box -->\n \n   <div id=\"text-box-1605620740\" class=\"text-box banner-layer x95 md-x95 lg-x95 y35 md-y35 lg-y35 res-text\">\n                                <div class=\"text dark\">\n              \n              <div class=\"text-inner text-center\">\n                  \n<p style=\"text-align: left;\"><b>Totalement gratuit pour votre audience<\/b><\/p>\n<p style=\"text-align: left;\">En effet, c\u2019est imm\u00e9diat et sans co\u00fbt pour vos utilisateurs. Succ\u00e8s garanti !<\/p>\n              <\/div>\n           <\/div><!-- text-box-inner -->\n                            \n<style scope=\"scope\">\n\n#text-box-1605620740 {\n  margin: 23px 0px 0px 0px;\n  width: 77%;\n}\n#text-box-1605620740 .text {\n  font-size: 100%;\n}\n\n\n@media (min-width:550px) {\n\n  #text-box-1605620740 {\n    margin: -35px 0px 0px 0px;\n  }\n\n}\n<\/style>\n    <\/div><!-- text-box -->\n \n   <div id=\"text-box-1279554318\" class=\"text-box banner-layer x10 md-x10 lg-x10 y35 md-y35 lg-y35 res-text\">\n                                <div class=\"text dark\">\n              \n              <div class=\"text-inner text-center\">\n                  \n\t<div class=\"img has-hover x md-x lg-x y md-y lg-y\" id=\"image_539246299\">\n\t\t\t\t\t\t\t\t<div class=\"img-inner dark\" >\n\t\t\t<img width=\"200\" height=\"200\" src=\"https:\/\/www.pcmquiz.com\/landing\/wp-content\/uploads\/2018\/03\/pcm_white_picto3.png\" class=\"attachment-large size-large\" alt=\"\" loading=\"lazy\" srcset=\"https:\/\/www.pcmquiz.com\/landing\/wp-content\/uploads\/2018\/03\/pcm_white_picto3.png 200w, https:\/\/www.pcmquiz.com\/landing\/wp-content\/uploads\/2018\/03\/pcm_white_picto3-180x180.png 180w\" sizes=\"(max-width: 200px) 100vw, 200px\" \/>\t\t\t\t\t\t\n\t\t\t\t\t<\/div>\n\t\t\t\t\t\t\t\t\n<style scope=\"scope\">\n\n#image_539246299 {\n  width: 54%;\n}\n<\/style>\n\t<\/div>\n\t\n              <\/div>\n           <\/div><!-- text-box-inner -->\n                            \n<style scope=\"scope\">\n\n#text-box-1279554318 {\n  margin: 34px 0px 0px 0px;\n  width: 6%;\n}\n#text-box-1279554318 .text {\n  font-size: 100%;\n}\n\n\n@media (min-width:550px) {\n\n  #text-box-1279554318 {\n    margin: 1px 0px 0px 0px;\n  }\n\n}\n<\/style>\n    <\/div><!-- text-box -->\n \n   <div id=\"text-box-127557406\" class=\"text-box banner-layer x10 md-x10 lg-x10 y65 md-y60 lg-y60 res-text\">\n                                <div class=\"text dark\">\n              \n              <div class=\"text-inner text-center\">\n                  \n\t<div class=\"img has-hover x md-x lg-x y md-y lg-y\" id=\"image_1916527240\">\n\t\t\t\t\t\t\t\t<div class=\"img-inner dark\" >\n\t\t\t<img width=\"282\" height=\"282\" src=\"https:\/\/www.pcmquiz.com\/landing\/wp-content\/uploads\/2018\/04\/picto-infini.png\" class=\"attachment-large size-large\" alt=\"\" loading=\"lazy\" srcset=\"https:\/\/www.pcmquiz.com\/landing\/wp-content\/uploads\/2018\/04\/picto-infini.png 282w, https:\/\/www.pcmquiz.com\/landing\/wp-content\/uploads\/2018\/04\/picto-infini-280x280.png 280w, https:\/\/www.pcmquiz.com\/landing\/wp-content\/uploads\/2018\/04\/picto-infini-180x180.png 180w\" sizes=\"(max-width: 282px) 100vw, 282px\" \/>\t\t\t\t\t\t\n\t\t\t\t\t<\/div>\n\t\t\t\t\t\t\t\t\n<style scope=\"scope\">\n\n#image_1916527240 {\n  width: 76%;\n}\n<\/style>\n\t<\/div>\n\t\n              <\/div>\n           <\/div><!-- text-box-inner -->\n                            \n<style scope=\"scope\">\n\n#text-box-127557406 {\n  margin: 6px 0px 16px 0px;\n  width: 6%;\n}\n#text-box-127557406 .text {\n  font-size: 100%;\n}\n\n\n@media (min-width:550px) {\n\n  #text-box-127557406 {\n    margin: 0px 0px 7px 0px;\n  }\n\n}\n\n\n@media (min-width:850px) {\n\n  #text-box-127557406 {\n    margin: 0px 0px 31px 0px;\n  }\n\n}\n<\/style>\n    <\/div><!-- text-box -->\n \n   <div id=\"text-box-90268139\" class=\"text-box banner-layer x95 md-x95 lg-x95 y70 md-y60 lg-y60 res-text\">\n                                <div class=\"text dark\">\n              \n              <div class=\"text-inner text-center\">\n                  \n<p style=\"text-align: left;\"><b>Une utilisation illimit\u00e9e (en version payante)<\/b><\/p>\n<p style=\"text-align: left;\"><span style=\"font-weight: 400;\">Aucune limite sur le \u00a0nombre d&#8217;interactions ou de votes durant votre pr\u00e9sentation. <\/span><\/p>\n              <\/div>\n           <\/div><!-- text-box-inner -->\n                            \n<style scope=\"scope\">\n\n#text-box-90268139 {\n  margin: 26px 0px 0px 0px;\n  width: 77%;\n}\n#text-box-90268139 .text {\n  font-size: 100%;\n}\n\n\n@media (min-width:550px) {\n\n  #text-box-90268139 {\n    margin: 0px 0px 5px 0px;\n  }\n\n}\n<\/style>\n    <\/div><!-- text-box -->\n \n   <div id=\"text-box-1883677712\" class=\"text-box banner-layer x10 md-x10 lg-x10 y75 md-y75 lg-y75 res-text\">\n                                <div class=\"text dark\">\n              \n              <div class=\"text-inner text-center\">\n                  \n\t<div class=\"img has-hover x md-x lg-x y md-y lg-y\" id=\"image_2002781913\">\n\t\t\t\t\t\t\t\t<div class=\"img-inner dark\" >\n\t\t\t<img width=\"200\" height=\"213\" src=\"https:\/\/www.pcmquiz.com\/landing\/wp-content\/uploads\/2018\/03\/pcm_white_picto12.png\" class=\"attachment-large size-large\" alt=\"\" loading=\"lazy\" \/>\t\t\t\t\t\t\n\t\t\t\t\t<\/div>\n\t\t\t\t\t\t\t\t\n<style scope=\"scope\">\n\n#image_2002781913 {\n  width: 50%;\n}\n<\/style>\n\t<\/div>\n\t\n              <\/div>\n           <\/div><!-- text-box-inner -->\n                            \n<style scope=\"scope\">\n\n#text-box-1883677712 {\n  margin: 0px 0px 16px 0px;\n  width: 6%;\n}\n#text-box-1883677712 .text {\n  font-size: 100%;\n}\n\n\n@media (min-width:550px) {\n\n  #text-box-1883677712 {\n    margin: 0px 0px 13px 0px;\n  }\n\n}\n<\/style>\n    <\/div><!-- text-box -->\n \n   <div id=\"text-box-724038872\" class=\"text-box banner-layer x10 md-x10 lg-x10 y95 md-y95 lg-y95 res-text\">\n                                <div class=\"text dark\">\n              \n              <div class=\"text-inner text-center\">\n                  \n\t<div class=\"img has-hover x md-x lg-x y md-y lg-y\" id=\"image_946641227\">\n\t\t\t\t\t\t\t\t<div class=\"img-inner dark\" >\n\t\t\t<img width=\"200\" height=\"200\" src=\"https:\/\/www.pcmquiz.com\/landing\/wp-content\/uploads\/2018\/03\/pcm_white_picto14.png\" class=\"attachment-large size-large\" alt=\"\" loading=\"lazy\" srcset=\"https:\/\/www.pcmquiz.com\/landing\/wp-content\/uploads\/2018\/03\/pcm_white_picto14.png 200w, https:\/\/www.pcmquiz.com\/landing\/wp-content\/uploads\/2018\/03\/pcm_white_picto14-180x180.png 180w\" sizes=\"(max-width: 200px) 100vw, 200px\" \/>\t\t\t\t\t\t\n\t\t\t\t\t<\/div>\n\t\t\t\t\t\t\t\t\n<style scope=\"scope\">\n\n#image_946641227 {\n  width: 50%;\n}\n<\/style>\n\t<\/div>\n\t\n              <\/div>\n           <\/div><!-- text-box-inner -->\n                            \n<style scope=\"scope\">\n\n#text-box-724038872 {\n  margin: 0px 0px 46px 0px;\n  width: 6%;\n}\n#text-box-724038872 .text {\n  font-size: 100%;\n}\n\n\n@media (min-width:550px) {\n\n  #text-box-724038872 {\n    margin: 0px 0px 41px 0px;\n  }\n\n}\n\n\n@media (min-width:850px) {\n\n  #text-box-724038872 {\n    margin: 0px 0px 34px 0px;\n  }\n\n}\n<\/style>\n    <\/div><!-- text-box -->\n \n   <div id=\"text-box-1305583483\" class=\"text-box banner-layer x95 md-x95 lg-x95 y80 md-y80 lg-y80 res-text\">\n                                <div class=\"text dark\">\n              \n              <div class=\"text-inner text-center\">\n                  \n<p style=\"text-align: left;\"><b>Un service s\u00e9curis\u00e9<\/b><\/p>\n<p style=\"text-align: left;\"><span style=\"font-weight: 400;\">Notre plate-forme est totalement s\u00e9curis\u00e9e et a \u00e9t\u00e9 pr\u00e9vue pour g\u00e9rer des milliers de votes par minute. Le trafic est par ailleurs crypt\u00e9 avec des certificats SSL sur l\u2019ensemble des modules de jeu.<\/span><\/p>\n              <\/div>\n           <\/div><!-- text-box-inner -->\n                            \n<style scope=\"scope\">\n\n#text-box-1305583483 {\n  margin: 0px 0px 15px 0px;\n  width: 77%;\n}\n#text-box-1305583483 .text {\n  font-size: 100%;\n}\n<\/style>\n    <\/div><!-- text-box -->\n \n   <div id=\"text-box-313914590\" class=\"text-box banner-layer x95 md-x95 lg-x95 y100 md-y100 lg-y100 res-text\">\n                                <div class=\"text dark\">\n              \n              <div class=\"text-inner text-center\">\n                  \n<p style=\"text-align: left;\"><b>Un outil PCM diff\u00e9renciant<br \/>\n<\/b><\/p>\n<p style=\"text-align: left;\"><span style=\"font-weight: 400;\">Qui va vous permettre d\u2019innover dans votre p\u00e9dagogie habituelle et renforcer encore la satisfaction de vos clients<\/span><\/p>\n              <\/div>\n           <\/div><!-- text-box-inner -->\n                            \n<style scope=\"scope\">\n\n#text-box-313914590 {\n  margin: 0px 0px 42px 0px;\n  width: 77%;\n}\n#text-box-313914590 .text {\n  font-size: 100%;\n}\n<\/style>\n    <\/div><!-- text-box -->\n \n        <\/div><!-- .banner-layers -->\n      <\/div><!-- .banner-inner -->\n\n            \n<style scope=\"scope\">\n\n#banner-1056375967 {\n  padding-top: 786px;\n  background-color: #2dafe2;\n}\n<\/style>\n  <\/div><!-- .banner -->\n\n\n<div class=\"container section-title-container\" ><h3 class=\"section-title section-title-center\"><b><\/b><span class=\"section-title-main\" style=\"font-size:130%;\">Evaluation en temps r\u00e9el de l\u2019int\u00e9gration des connaissances de vos stagiaires<\/span><b><\/b><\/h3><\/div><!-- .section-title -->\n\t<section class=\"section\" id=\"section_2008144054\">\n\t\t<div class=\"bg section-bg fill bg-fill  bg-loaded\" >\n\n\t\t\t\n\t\t\t\n\t\t\t\n\n\t\t<\/div><!-- .section-bg -->\n\n\t\t<div class=\"section-content relative\">\n\t\t\t\n<div class=\"row row-large align-center row-divided\"  id=\"row-158371458\">\n<div class=\"col medium-4 large-4\"  ><div class=\"col-inner\"  >\n\n\t\t<div class=\"icon-box featured-box icon-box-center text-center\"  style=\"margin:15px 0px 0px 0px;\">\n\t\t\t\t\t<div class=\"icon-box-img\" style=\"width: 50px\">\n\t\t\t\t<div class=\"icon\">\n\t\t\t\t\t<div class=\"icon-inner\" >\n\t\t\t\t\t\t<img width=\"200\" height=\"121\" src=\"https:\/\/www.pcmquiz.com\/landing\/wp-content\/uploads\/2018\/03\/Groupe-6761.png\" class=\"attachment-medium size-medium\" alt=\"\" loading=\"lazy\" \/>\t\t\t\t\t<\/div>\n\t\t\t\t<\/div>\n\t\t\t<\/div>\n\t\t\t\t<div class=\"icon-box-text last-reset\">\n\t\t\t<h5 class=\"uppercase\">Augmentation de la participation<\/h5>\t\t\t\t\t\t\n\t\t<\/div>\n\t<\/div><!-- .icon-box -->\n\t\n\t\n<\/div><\/div>\n<div class=\"col medium-4 large-4\"  ><div class=\"col-inner\"  >\n\n\t\t<div class=\"icon-box featured-box icon-box-center text-center\"  style=\"margin:0px 0px 0px 0px;\">\n\t\t\t\t\t<div class=\"icon-box-img\" style=\"width: 50px\">\n\t\t\t\t<div class=\"icon\">\n\t\t\t\t\t<div class=\"icon-inner\" >\n\t\t\t\t\t\t<img width=\"200\" height=\"211\" src=\"https:\/\/www.pcmquiz.com\/landing\/wp-content\/uploads\/2018\/03\/Trac\u00e9-9263.png\" class=\"attachment-medium size-medium\" alt=\"\" loading=\"lazy\" \/>\t\t\t\t\t<\/div>\n\t\t\t\t<\/div>\n\t\t\t<\/div>\n\t\t\t\t<div class=\"icon-box-text last-reset\">\n\t\t\t<h5 class=\"uppercase\">Anonymat qui permet au public de jouer sereinement<\/h5>\t\t\t\t\t\t\n\t\t<\/div>\n\t<\/div><!-- .icon-box -->\n\t\n\t\n<\/div><\/div>\n<div class=\"col medium-4 large-4\"  ><div class=\"col-inner\"  >\n\n\t\t<div class=\"icon-box featured-box icon-box-center text-center\"  style=\"margin:0px 0px 0px 0px;\">\n\t\t\t\t\t<div class=\"icon-box-img\" style=\"width: 50px\">\n\t\t\t\t<div class=\"icon\">\n\t\t\t\t\t<div class=\"icon-inner\" >\n\t\t\t\t\t\t<img width=\"200\" height=\"200\" src=\"https:\/\/www.pcmquiz.com\/landing\/wp-content\/uploads\/2018\/03\/Groupe-6762.png\" class=\"attachment-medium size-medium\" alt=\"\" loading=\"lazy\" srcset=\"https:\/\/www.pcmquiz.com\/landing\/wp-content\/uploads\/2018\/03\/Groupe-6762.png 200w, https:\/\/www.pcmquiz.com\/landing\/wp-content\/uploads\/2018\/03\/Groupe-6762-180x180.png 180w\" sizes=\"(max-width: 200px) 100vw, 200px\" \/>\t\t\t\t\t<\/div>\n\t\t\t\t<\/div>\n\t\t\t<\/div>\n\t\t\t\t<div class=\"icon-box-text last-reset\">\n\t\t\t<h5 class=\"uppercase\">Renforcement d\u2019une coh\u00e9sion du groupe et de bonne humeur<\/h5>\t\t\t\t\t\t\n\t\t<\/div>\n\t<\/div><!-- .icon-box -->\n\t\n\t\n<\/div><\/div>\n\n<style scope=\"scope\">\n\n<\/style>\n<\/div>\n\t\t<\/div><!-- .section-content -->\n\n\t\t\n<style scope=\"scope\">\n\n#section_2008144054 {\n  padding-top: 10px;\n  padding-bottom: 10px;\n  margin-bottom: 0px;\n  background-color: rgb(255, 255, 255);\n}\n<\/style>\n\t<\/section>\n\t\n\t<section class=\"section\" id=\"section_1575407107\">\n\t\t<div class=\"bg section-bg fill bg-fill  bg-loaded\" >\n\n\t\t\t\n\t\t\t\n\t\t\t\n\n\t\t<\/div><!-- .section-bg -->\n\n\t\t<div class=\"section-content relative\">\n\t\t\t\n<div class=\"row row-large align-center row-divided\"  id=\"row-951391613\">\n<div class=\"col medium-4 large-4\"  ><div class=\"col-inner\"  >\n\n\t\t<div class=\"icon-box featured-box icon-box-center text-center\"  >\n\t\t\t\t\t<div class=\"icon-box-img\" style=\"width: 42px\">\n\t\t\t\t<div class=\"icon\">\n\t\t\t\t\t<div class=\"icon-inner\" >\n\t\t\t\t\t\t<img width=\"200\" height=\"232\" src=\"https:\/\/www.pcmquiz.com\/landing\/wp-content\/uploads\/2018\/03\/Trac\u00e9-9264.png\" class=\"attachment-medium size-medium\" alt=\"\" loading=\"lazy\" \/>\t\t\t\t\t<\/div>\n\t\t\t\t<\/div>\n\t\t\t<\/div>\n\t\t\t\t<div class=\"icon-box-text last-reset\">\n\t\t\t<h5 class=\"uppercase\">Facilitation de l\u2019apprentissage<\/h5>\t\t\t\t\t\t\n\t\t<\/div>\n\t<\/div><!-- .icon-box -->\n\t\n\t\n<\/div><\/div>\n<div class=\"col medium-4 large-4\"  ><div class=\"col-inner\"  >\n\n\t\t<div class=\"icon-box featured-box icon-box-center text-center\"  style=\"margin:0px 0px 0px 0px;\">\n\t\t\t\t\t<div class=\"icon-box-img\" style=\"width: 50px\">\n\t\t\t\t<div class=\"icon\">\n\t\t\t\t\t<div class=\"icon-inner\" >\n\t\t\t\t\t\t<img width=\"200\" height=\"200\" src=\"https:\/\/www.pcmquiz.com\/landing\/wp-content\/uploads\/2018\/03\/Groupe-6772.png\" class=\"attachment-medium size-medium\" alt=\"\" loading=\"lazy\" srcset=\"https:\/\/www.pcmquiz.com\/landing\/wp-content\/uploads\/2018\/03\/Groupe-6772.png 200w, https:\/\/www.pcmquiz.com\/landing\/wp-content\/uploads\/2018\/03\/Groupe-6772-180x180.png 180w\" sizes=\"(max-width: 200px) 100vw, 200px\" \/>\t\t\t\t\t<\/div>\n\t\t\t\t<\/div>\n\t\t\t<\/div>\n\t\t\t\t<div class=\"icon-box-text last-reset\">\n\t\t\t<h5 class=\"uppercase\">Meilleure \u00e9valuation du formateur<\/h5>\t\t\t\t\t\t\n\t\t<\/div>\n\t<\/div><!-- .icon-box -->\n\t\n\t\n<\/div><\/div>\n<div class=\"col medium-4 large-4\"  ><div class=\"col-inner\"  >\n\n\t\t<div class=\"icon-box featured-box icon-box-center text-center\"  style=\"margin:0px 0px 0px 0px;\">\n\t\t\t\t\t<div class=\"icon-box-img\" style=\"width: 50px\">\n\t\t\t\t<div class=\"icon\">\n\t\t\t\t\t<div class=\"icon-inner\" >\n\t\t\t\t\t\t<img width=\"276\" height=\"277\" src=\"https:\/\/www.pcmquiz.com\/landing\/wp-content\/uploads\/2018\/03\/picto-cloud.png\" class=\"attachment-medium size-medium\" alt=\"\" loading=\"lazy\" srcset=\"https:\/\/www.pcmquiz.com\/landing\/wp-content\/uploads\/2018\/03\/picto-cloud.png 276w, https:\/\/www.pcmquiz.com\/landing\/wp-content\/uploads\/2018\/03\/picto-cloud-180x180.png 180w\" sizes=\"(max-width: 276px) 100vw, 276px\" \/>\t\t\t\t\t<\/div>\n\t\t\t\t<\/div>\n\t\t\t<\/div>\n\t\t\t\t<div class=\"icon-box-text last-reset\">\n\t\t\t<h5 class=\"uppercase\">Collecte en temps r\u00e9el des feedbacks pour optimiser votre p\u00e9dagogie<\/h5>\t\t\t\t\t\t\n\t\t<\/div>\n\t<\/div><!-- .icon-box -->\n\t\n\t\n<\/div><\/div>\n\n<style scope=\"scope\">\n\n<\/style>\n<\/div>\n\t\t<\/div><!-- .section-content -->\n\n\t\t\n<style scope=\"scope\">\n\n#section_1575407107 {\n  padding-top: 10px;\n  padding-bottom: 10px;\n  margin-bottom: 0px;\n  background-color: rgb(255, 255, 255);\n}\n<\/style>\n\t<\/section>\n\t\n","protected":false},"excerpt":{"rendered":"","protected":false},"author":2,"featured_media":0,"parent":0,"menu_order":0,"comment_status":"closed","ping_status":"closed","template":"page-blank.php","meta":[],"_links":{"self":[{"href":"https:\/\/www.pcmquiz.com\/landing\/wp-json\/wp\/v2\/pages\/265"}],"collection":[{"href":"https:\/\/www.pcmquiz.com\/landing\/wp-json\/wp\/v2\/pages"}],"about":[{"href":"https:\/\/www.pcmquiz.com\/landing\/wp-json\/wp\/v2\/types\/page"}],"author":[{"embeddable":true,"href":"https:\/\/www.pcmquiz.com\/landing\/wp-json\/wp\/v2\/users\/2"}],"replies":[{"embeddable":true,"href":"https:\/\/www.pcmquiz.com\/landing\/wp-json\/wp\/v2\/comments?post=265"}],"version-history":[{"count":85,"href":"https:\/\/www.pcmquiz.com\/landing\/wp-json\/wp\/v2\/pages\/265\/revisions"}],"predecessor-version":[{"id":772,"href":"https:\/\/www.pcmquiz.com\/landing\/wp-json\/wp\/v2\/pages\/265\/revisions\/772"}],"wp:attachment":[{"href":"https:\/\/www.pcmquiz.com\/landing\/wp-json\/wp\/v2\/media?parent=265"}],"curies":[{"name":"wp","href":"https:\/\/api.w.org\/{rel}","templated":true}]}}