{"id":267,"date":"2018-02-05T15:03:55","date_gmt":"2018-02-05T15:03:55","guid":{"rendered":"http:\/\/sandbox2.n-3rd.com\/pcmquiz\/?page_id=267"},"modified":"2018-06-18T12:18:29","modified_gmt":"2018-06-18T12:18:29","slug":"fonctionnement-caracteristiques","status":"publish","type":"page","link":"https:\/\/www.pcmquiz.com\/landing\/fonctionnement-caracteristiques\/","title":{"rendered":"Fonctionnement &#038; Caract\u00e9ristiques"},"content":{"rendered":"<div class=\"container section-title-container\" style=\"margin-top:50px;margin-bottom:90px;\"><h3 class=\"section-title section-title-center\"><b><\/b><span class=\"section-title-main\" style=\"font-size:120%;\">3 \u00e9tapes chrono pour dynamiser vos audiences<\/span><b><\/b><\/h3><\/div><!-- .section-title -->\n<div class=\"row align-center\"  id=\"row-1514483318\">\n<div class=\"col sepessayer medium-4 small-12 large-4\"  ><div class=\"col-inner text-center\" style=\"margin:73px 0px 0px 0px;\" >\n<a href=\"https:\/\/www.pcmquiz.com\/pricing_request\/decouverte\" target=\"_self\" class=\"button primary is-xlarge prevdivider\"  style=\"border-radius:99px;\">\n    <span>Essayez !<\/span>\n  <\/a>\n\n<div class=\"is-divider divider clearfix\" style=\"height:66px;background-color:rgb(254, 252, 252);\"><\/div><!-- .divider -->\n<p style=\"text-align: center;\"class=\"mag\"><b >INSCRIPTION<br \/>\n<\/b><b>Inscrivez vous \u00e0 <\/b><b>PCM<\/b><b> Quiz et choisissez la formule qui vous convient<\/b><\/p>\n<p style=\"text-align: center;\">Aucune installation ou t\u00e9l\u00e9chargements requis<\/p>\n<\/div><\/div>\n<div class=\"col medium-4 small-12 large-4\"  ><div class=\"col-inner text-center\"  >\n\t<div class=\"img has-hover x md-x lg-x y md-y lg-y\" id=\"image_1690520694\">\n\t\t\t\t\t\t\t\t<div class=\"img-inner dark\" style=\"margin:0px 0px 25px 0px;\">\n\t\t\t<img width=\"1020\" height=\"729\" src=\"https:\/\/www.pcmquiz.com\/landing\/wp-content\/uploads\/2018\/04\/ipad_pcmquiz-2-1119x800.png\" class=\"attachment-large size-large\" alt=\"\" loading=\"lazy\" srcset=\"https:\/\/www.pcmquiz.com\/landing\/wp-content\/uploads\/2018\/04\/ipad_pcmquiz-2-1119x800.png 1119w, https:\/\/www.pcmquiz.com\/landing\/wp-content\/uploads\/2018\/04\/ipad_pcmquiz-2-560x400.png 560w, https:\/\/www.pcmquiz.com\/landing\/wp-content\/uploads\/2018\/04\/ipad_pcmquiz-2-768x549.png 768w, https:\/\/www.pcmquiz.com\/landing\/wp-content\/uploads\/2018\/04\/ipad_pcmquiz-2.png 1508w\" sizes=\"(max-width: 1020px) 100vw, 1020px\" \/>\t\t\t\t\t\t\n\t\t\t\t\t<\/div>\n\t\t\t\t\t\t\t\t\n<style scope=\"scope\">\n\n#image_1690520694 {\n  width: 100%;\n}\n<\/style>\n\t<\/div>\n\t\n<p style=\"text-align: center;\"><b>CHOIX<br \/>\n<\/b><b>Choisissez les modules pour votre formation<\/b><\/p>\n<p style=\"text-align: left;\">C\u2019est imm\u00e9diat. Vous s\u00e9lectionnez dans votre interface s\u00e9curis\u00e9e le module et appuyer sur d\u00e9marrer<\/p>\n<\/div><\/div>\n<div class=\"col medium-4 small-12 large-4\"  ><div class=\"col-inner text-center\"  >\n\t<div class=\"img has-hover x md-x lg-x y md-y lg-y\" id=\"image_1168927939\">\n\t\t\t\t\t\t\t\t<div class=\"img-inner dark\" style=\"margin:0px 0px 25px 0px;\">\n\t\t\t<img width=\"1020\" height=\"727\" src=\"https:\/\/www.pcmquiz.com\/landing\/wp-content\/uploads\/2018\/04\/mac-pcmquiz-1-1122x800.png\" class=\"attachment-large size-large\" alt=\"\" loading=\"lazy\" srcset=\"https:\/\/www.pcmquiz.com\/landing\/wp-content\/uploads\/2018\/04\/mac-pcmquiz-1-1122x800.png 1122w, https:\/\/www.pcmquiz.com\/landing\/wp-content\/uploads\/2018\/04\/mac-pcmquiz-1-561x400.png 561w, https:\/\/www.pcmquiz.com\/landing\/wp-content\/uploads\/2018\/04\/mac-pcmquiz-1-768x548.png 768w\" sizes=\"(max-width: 1020px) 100vw, 1020px\" \/>\t\t\t\t\t\t\n\t\t\t\t\t<\/div>\n\t\t\t\t\t\t\t\t\n<style scope=\"scope\">\n\n#image_1168927939 {\n  width: 100%;\n}\n<\/style>\n\t<\/div>\n\t\n<p style=\"text-align: center;\"><b>ANIMATION<br \/>\n<\/b><b>Faciliter la participation collective<\/b><\/p>\n<p style=\"text-align: left;\">Le module se lance. Il n\u2019y a plus qu\u2019\u00e0 entretenir le rythme en encha\u00eenant les questions<\/p>\n<\/div><\/div>\n\n<style scope=\"scope\">\n\n<\/style>\n<\/div>\n\n  <div class=\"banner has-hover\" id=\"banner-629646744\">\n          <div class=\"banner-inner fill\">\n        <div class=\"banner-bg fill\" >\n            <div class=\"bg fill bg-fill \"><\/div>\n                                    \n                    <\/div><!-- bg-layers -->\n        <div class=\"banner-layers container\">\n            <div class=\"fill banner-link\"><\/div>            \n   <div id=\"text-box-1416623286\" class=\"text-box banner-layer x50 md-x50 lg-x50 y5 md-y5 lg-y5 res-text\">\n                                <div class=\"text dark\">\n              \n              <div class=\"text-inner text-left\">\n                  \n<h4 class=\"Lowercase\" style=\"text-align: center;\">Un fonctionnement ultra simple<\/h4>\n              <\/div>\n           <\/div><!-- text-box-inner -->\n                            \n<style scope=\"scope\">\n\n#text-box-1416623286 {\n  width: 60%;\n}\n#text-box-1416623286 .text {\n  font-size: 100%;\n}\n\n\n@media (min-width:550px) {\n\n  #text-box-1416623286 {\n    width: 89%;\n  }\n\n}\n<\/style>\n    <\/div><!-- text-box -->\n \n   <div id=\"text-box-1887459250\" class=\"text-box banner-layer x0 md-x0 lg-x0 y15 md-y15 lg-y15 res-text\">\n                                <div class=\"text dark\">\n              \n              <div class=\"text-inner text-center\">\n                  \n<h4><b>1\/ Pour vous<\/b><\/h4>\n<p><b>Allez sur votre compte personnel.<br \/> <\/b><b>Choisissez le jeu que vous souhaitez et lancez le. C\u2019est tout !<\/b><\/p>\n<p>\u00a0<\/p>\n              <\/div>\n           <\/div><!-- text-box-inner -->\n                            \n<style scope=\"scope\">\n\n#text-box-1887459250 {\n  width: 43%;\n}\n#text-box-1887459250 .text {\n  font-size: 100%;\n}\n<\/style>\n    <\/div><!-- text-box -->\n \n   <div id=\"text-box-1708173267\" class=\"text-box banner-layer x100 md-x100 lg-x100 y15 md-y15 lg-y15 res-text\">\n                                <div class=\"text dark\">\n              \n              <div class=\"text-inner text-center\">\n                  \n<h4><b>2\/ Pour vos stagiaires<\/b><\/h4>\n<p><b>L\u2019audience a simplement \u00e0 rentrer le code g\u00e9n\u00e9r\u00e9 <br \/>par la plateforme sur son <\/b><b>appareil <\/b><b> pour acc\u00e9der au jeu. <br \/>Il le renseignent en allant sur <\/b><b><a href=\"http:\/\/play.pcmquiz.com\/\" target=\"blank\">play.pcmquiz.com<\/a><\/b><\/p>\n              <\/div>\n           <\/div><!-- text-box-inner -->\n                            \n<style scope=\"scope\">\n\n#text-box-1708173267 {\n  width: 50%;\n}\n#text-box-1708173267 .text {\n  font-size: 100%;\n}\n<\/style>\n    <\/div><!-- text-box -->\n \n   <div id=\"text-box-142767104\" class=\"text-box banner-layer x0 md-x0 lg-x0 y80 md-y80 lg-y80 res-text\">\n                                <div class=\"text dark\">\n              \n              <div class=\"text-inner text-center\">\n                  \n\t<div class=\"img has-hover x md-x lg-x y md-y lg-y\" id=\"image_115113919\">\n\t\t\t\t\t\t\t\t<div class=\"img-inner dark\" >\n\t\t\t<img width=\"1020\" height=\"729\" src=\"https:\/\/www.pcmquiz.com\/landing\/wp-content\/uploads\/2018\/04\/ipad_pcmquiz-2-1119x800.png\" class=\"attachment-large size-large\" alt=\"\" loading=\"lazy\" srcset=\"https:\/\/www.pcmquiz.com\/landing\/wp-content\/uploads\/2018\/04\/ipad_pcmquiz-2-1119x800.png 1119w, https:\/\/www.pcmquiz.com\/landing\/wp-content\/uploads\/2018\/04\/ipad_pcmquiz-2-560x400.png 560w, https:\/\/www.pcmquiz.com\/landing\/wp-content\/uploads\/2018\/04\/ipad_pcmquiz-2-768x549.png 768w, https:\/\/www.pcmquiz.com\/landing\/wp-content\/uploads\/2018\/04\/ipad_pcmquiz-2.png 1508w\" sizes=\"(max-width: 1020px) 100vw, 1020px\" \/>\t\t\t\t\t\t\n\t\t\t\t\t<\/div>\n\t\t\t\t\t\t\t\t\n<style scope=\"scope\">\n\n#image_115113919 {\n  width: 100%;\n}\n<\/style>\n\t<\/div>\n\t\n              <\/div>\n           <\/div><!-- text-box-inner -->\n                            \n<style scope=\"scope\">\n\n#text-box-142767104 {\n  width: 43%;\n}\n#text-box-142767104 .text {\n  font-size: 100%;\n}\n<\/style>\n    <\/div><!-- text-box -->\n \n   <div id=\"text-box-1435556582\" class=\"text-box banner-layer x100 md-x100 lg-x100 y85 md-y85 lg-y85 res-text\">\n                                <div class=\"text dark\">\n              \n              <div class=\"text-inner text-center\">\n                  \n\t<div class=\"img has-hover x md-x lg-x y md-y lg-y\" id=\"image_960292530\">\n\t\t\t\t\t\t\t\t<div class=\"img-inner dark\" >\n\t\t\t<img width=\"1020\" height=\"699\" src=\"https:\/\/www.pcmquiz.com\/landing\/wp-content\/uploads\/2018\/04\/ipad-iphone-1-1167x800.png\" class=\"attachment-large size-large\" alt=\"\" loading=\"lazy\" srcset=\"https:\/\/www.pcmquiz.com\/landing\/wp-content\/uploads\/2018\/04\/ipad-iphone-1-1167x800.png 1167w, https:\/\/www.pcmquiz.com\/landing\/wp-content\/uploads\/2018\/04\/ipad-iphone-1-583x400.png 583w, https:\/\/www.pcmquiz.com\/landing\/wp-content\/uploads\/2018\/04\/ipad-iphone-1-768x527.png 768w, https:\/\/www.pcmquiz.com\/landing\/wp-content\/uploads\/2018\/04\/ipad-iphone-1.png 1724w\" sizes=\"(max-width: 1020px) 100vw, 1020px\" \/>\t\t\t\t\t\t\n\t\t\t\t\t<\/div>\n\t\t\t\t\t\t\t\t\n<style scope=\"scope\">\n\n#image_960292530 {\n  width: 100%;\n}\n<\/style>\n\t<\/div>\n\t\n              <\/div>\n           <\/div><!-- text-box-inner -->\n                            \n<style scope=\"scope\">\n\n#text-box-1435556582 {\n  width: 50%;\n}\n#text-box-1435556582 .text {\n  font-size: 100%;\n}\n<\/style>\n    <\/div><!-- text-box -->\n \n        <\/div><!-- .banner-layers -->\n      <\/div><!-- .banner-inner -->\n\n            \n<style scope=\"scope\">\n\n#banner-629646744 {\n  padding-top: 652px;\n  background-color: rgb(45, 175, 226);\n}\n\n\n@media (min-width:850px) {\n\n  #banner-629646744 {\n    padding-top: 750px;\n  }\n\n}\n<\/style>\n  <\/div><!-- .banner -->\n\n\n<div class=\"row\"  id=\"row-1360203595\">\n<div class=\"col small-12 large-12\"  ><div class=\"col-inner\" style=\"margin:0px 0px 50px 0px;\" >\n<div class=\"container section-title-container\" ><h3 class=\"section-title section-title-center\"><b><\/b><span class=\"section-title-main\" style=\"font-size:130%;\">Une web app compl\u00e8te int\u00e9grant de nombreux atouts<\/span><b><\/b><\/h3><\/div><!-- .section-title -->\n<div class=\"row\"  id=\"row-1626899640\">\n<div class=\"col medium-5 small-12 large-5\"  ><div class=\"col-inner\"  >\n\n\t\t<div class=\"icon-box featured-box icon-box-left text-left\"  style=\"margin:20px 0px 20px 0px;\">\n\t\t\t\t\t<div class=\"icon-box-img\" style=\"width: 44px\">\n\t\t\t\t<div class=\"icon\">\n\t\t\t\t\t<div class=\"icon-inner\" >\n\t\t\t\t\t\t<img width=\"288\" height=\"174\" src=\"https:\/\/www.pcmquiz.com\/landing\/wp-content\/uploads\/2018\/03\/pcm_picto_7.png\" class=\"attachment-medium size-medium\" alt=\"\" loading=\"lazy\" \/>\t\t\t\t\t<\/div>\n\t\t\t\t<\/div>\n\t\t\t<\/div>\n\t\t\t\t<div class=\"icon-box-text last-reset\">\n\t\t\t\t\t\t\t\t\t\n<p><strong>Pr\u00e9sentation jusqu\u2019\u00e0 500 membres<\/strong><br \/>\nPossibilit\u00e9 de lancer des pr\u00e9sentations pour les utilisateurs de la plateforme PCMQuiz et de r\u00e9unir jusqu\u2019\u00e0 500 joueurs en m\u00eame temps<\/p>\n\t\t<\/div>\n\t<\/div><!-- .icon-box -->\n\t\n\t\n<div class=\"text-center\"><div class=\"is-divider divider clearfix\" ><\/div><\/div><!-- .divider -->\n\n\t\t<div class=\"icon-box featured-box icon-box-left text-left\"  style=\"margin:20px 0px 20px 0px;\">\n\t\t\t\t\t<div class=\"icon-box-img\" style=\"width: 44px\">\n\t\t\t\t<div class=\"icon\">\n\t\t\t\t\t<div class=\"icon-inner\" >\n\t\t\t\t\t\t<img width=\"243\" height=\"276\" src=\"https:\/\/www.pcmquiz.com\/landing\/wp-content\/uploads\/2018\/03\/pcm_picto_4.png\" class=\"attachment-medium size-medium\" alt=\"\" loading=\"lazy\" \/>\t\t\t\t\t<\/div>\n\t\t\t\t<\/div>\n\t\t\t<\/div>\n\t\t\t\t<div class=\"icon-box-text last-reset\">\n\t\t\t\t\t\t\t\t\t\n<p><strong>Pr\u00e9sentation \u00e0 vos couleurs<\/strong><br \/>\nChaque pr\u00e9sentation peuvent \u00eatre customis\u00e9e par nos administrateurs pour adapter les jeux \u00e0 votre marque : Logo, couleur des r\u00e9ponses, background etc.<\/p>\n\t\t<\/div>\n\t<\/div><!-- .icon-box -->\n\t\n\t\n<div class=\"text-center\"><div class=\"is-divider divider clearfix\" ><\/div><\/div><!-- .divider -->\n\n\t\t<div class=\"icon-box featured-box icon-box-left text-left\"  style=\"margin:20px 0px 20px 0px;\">\n\t\t\t\t\t<div class=\"icon-box-img\" style=\"width: 44px\">\n\t\t\t\t<div class=\"icon\">\n\t\t\t\t\t<div class=\"icon-inner\" >\n\t\t\t\t\t\t<img width=\"285\" height=\"268\" src=\"https:\/\/www.pcmquiz.com\/landing\/wp-content\/uploads\/2018\/03\/pcm_picto_1.png\" class=\"attachment-medium size-medium\" alt=\"\" loading=\"lazy\" \/>\t\t\t\t\t<\/div>\n\t\t\t\t<\/div>\n\t\t\t<\/div>\n\t\t\t\t<div class=\"icon-box-text last-reset\">\n\t\t\t\t\t\t\t\t\t\n<p><strong>Tous les modules de jeux sont d\u00e9velopp\u00e9s par l&#8217;\u00e9quipe Pcm Quiz d\u00e9di\u00e9e<\/strong><br \/>\nChaque utilisateur de la plateforme peux ainsi profiter du savoir faire de notre \u00e9quipe en mati\u00e8re de gamification sur l&#8217;ensemble de ces jeux<\/p>\n\t\t<\/div>\n\t<\/div><!-- .icon-box -->\n\t\n\t\n<div class=\"text-center\"><div class=\"is-divider divider clearfix\" ><\/div><\/div><!-- .divider -->\n\n\t\t<div class=\"icon-box featured-box icon-box-left text-left\"  style=\"margin:20px 0px 20px 0px;\">\n\t\t\t\t\t<div class=\"icon-box-img\" style=\"width: 44px\">\n\t\t\t\t<div class=\"icon\">\n\t\t\t\t\t<div class=\"icon-inner\" >\n\t\t\t\t\t\t<img width=\"254\" height=\"254\" src=\"https:\/\/www.pcmquiz.com\/landing\/wp-content\/uploads\/2018\/03\/pcm_picto_5.png\" class=\"attachment-medium size-medium\" alt=\"\" loading=\"lazy\" srcset=\"https:\/\/www.pcmquiz.com\/landing\/wp-content\/uploads\/2018\/03\/pcm_picto_5.png 254w, https:\/\/www.pcmquiz.com\/landing\/wp-content\/uploads\/2018\/03\/pcm_picto_5-180x180.png 180w\" sizes=\"(max-width: 254px) 100vw, 254px\" \/>\t\t\t\t\t<\/div>\n\t\t\t\t<\/div>\n\t\t\t<\/div>\n\t\t\t\t<div class=\"icon-box-text last-reset\">\n\t\t\t\t\t\t\t\t\t\n<p><strong>Pr\u00e9sentations illimit\u00e9es<\/strong><br \/>\nLes administrateurs vont cr\u00e9er r\u00e9guli\u00e8rement de nouveaux jeux pour que vous puissiez toujours avoir une exp\u00e9rience de jeu optimale<\/p>\n\t\t<\/div>\n\t<\/div><!-- .icon-box -->\n\t\n\t\n<\/div><\/div>\n<div class=\"col medium-1 small-12 large-1\"  ><div class=\"col-inner\"  >\n<\/div><\/div>\n<div class=\"col medium-6 small-12 large-6\"  ><div class=\"col-inner\"  >\n\n\t\t<div class=\"icon-box featured-box icon-box-left text-left\"  style=\"margin:20px 0px 20px 0px;\">\n\t\t\t\t\t<div class=\"icon-box-img\" style=\"width: 44px\">\n\t\t\t\t<div class=\"icon\">\n\t\t\t\t\t<div class=\"icon-inner\" >\n\t\t\t\t\t\t<img width=\"285\" height=\"232\" src=\"https:\/\/www.pcmquiz.com\/landing\/wp-content\/uploads\/2018\/03\/pcm_picto_6.png\" class=\"attachment-medium size-medium\" alt=\"\" loading=\"lazy\" \/>\t\t\t\t\t<\/div>\n\t\t\t\t<\/div>\n\t\t\t<\/div>\n\t\t\t\t<div class=\"icon-box-text last-reset\">\n\t\t\t\t\t\t\t\t\t\n<p><strong>Export des r\u00e9sultats<\/strong><br \/>\nVous pourrez exporter les r\u00e9sultats \u00e0 tout moment pour chacune de vos pr\u00e9sentations r\u00e9alis\u00e9es et ainsi avoir des stats sur chacune de vos audiences (Nombre de joueur, r\u00e9ponses, date etc..)<\/p>\n\t\t<\/div>\n\t<\/div><!-- .icon-box -->\n\t\n\t\n<div class=\"text-center\"><div class=\"is-divider divider clearfix\" ><\/div><\/div><!-- .divider -->\n\n\t\t<div class=\"icon-box featured-box icon-box-left text-left\"  style=\"margin:20px 0px 20px 0px;\">\n\t\t\t\t\t<div class=\"icon-box-img\" style=\"width: 44px\">\n\t\t\t\t<div class=\"icon\">\n\t\t\t\t\t<div class=\"icon-inner\" >\n\t\t\t\t\t\t<img width=\"285\" height=\"164\" src=\"https:\/\/www.pcmquiz.com\/landing\/wp-content\/uploads\/2018\/03\/pcm_picto_3.png\" class=\"attachment-medium size-medium\" alt=\"\" loading=\"lazy\" \/>\t\t\t\t\t<\/div>\n\t\t\t\t<\/div>\n\t\t\t<\/div>\n\t\t\t\t<div class=\"icon-box-text last-reset\">\n\t\t\t\t\t\t\t\t\t\n<p><strong>Compatible mobile<\/strong><br \/>\nLes joueurs peuvent profiter de l&#8217;exp\u00e9rience PCM Quiz sur leur smartphone ou sur ordinateur. Il suffit d\u2019avoir une connexion \u00e0 internet<\/p>\n\t\t<\/div>\n\t<\/div><!-- .icon-box -->\n\t\n\t\n<div class=\"text-center\"><div class=\"is-divider divider clearfix\" ><\/div><\/div><!-- .divider -->\n\n\t\t<div class=\"icon-box featured-box icon-box-left text-left\"  style=\"margin:20px 0px 20px 0px;\">\n\t\t\t\t\t<div class=\"icon-box-img\" style=\"width: 44px\">\n\t\t\t\t<div class=\"icon\">\n\t\t\t\t\t<div class=\"icon-inner\" >\n\t\t\t\t\t\t<img width=\"244\" height=\"260\" src=\"https:\/\/www.pcmquiz.com\/landing\/wp-content\/uploads\/2018\/03\/pcm_picto_2.png\" class=\"attachment-medium size-medium\" alt=\"\" loading=\"lazy\" \/>\t\t\t\t\t<\/div>\n\t\t\t\t<\/div>\n\t\t\t<\/div>\n\t\t\t\t<div class=\"icon-box-text last-reset\">\n\t\t\t\t\t\t\t\t\t\n<p><strong>S\u00e9curit\u00e9 &amp; Confidentialit\u00e9<\/strong><br \/>\nLa plateforme est enti\u00e8rement s\u00e9curis\u00e9e. Chaque joueur se connecte avec le code associ\u00e9 \u00e0 votre session. Par ailleurs, aucune donn\u00e9e personnelle n&#8217;est r\u00e9cup\u00e9r\u00e9e.<\/p>\n\t\t<\/div>\n\t<\/div><!-- .icon-box -->\n\t\n\t\n<div class=\"text-center\"><div class=\"is-divider divider clearfix\" ><\/div><\/div><!-- .divider -->\n\n\t\t<div class=\"icon-box featured-box icon-box-left text-left\"  style=\"margin:20px 0px 20px 0px;\">\n\t\t\t\t\t<div class=\"icon-box-img\" style=\"width: 44px\">\n\t\t\t\t<div class=\"icon\">\n\t\t\t\t\t<div class=\"icon-inner\" >\n\t\t\t\t\t\t<img width=\"282\" height=\"282\" src=\"https:\/\/www.pcmquiz.com\/landing\/wp-content\/uploads\/2018\/03\/pcm_picto_8.png\" class=\"attachment-medium size-medium\" alt=\"\" loading=\"lazy\" srcset=\"https:\/\/www.pcmquiz.com\/landing\/wp-content\/uploads\/2018\/03\/pcm_picto_8.png 282w, https:\/\/www.pcmquiz.com\/landing\/wp-content\/uploads\/2018\/03\/pcm_picto_8-280x280.png 280w, https:\/\/www.pcmquiz.com\/landing\/wp-content\/uploads\/2018\/03\/pcm_picto_8-180x180.png 180w\" sizes=\"(max-width: 282px) 100vw, 282px\" \/>\t\t\t\t\t<\/div>\n\t\t\t\t<\/div>\n\t\t\t<\/div>\n\t\t\t\t<div class=\"icon-box-text last-reset\">\n\t\t\t\t\t\t\t\t\t\n<p><strong>Questions illimit\u00e9s<\/strong><br \/>\nLes administrateurs PCM Quiz peuvent vous cr\u00e9er autant de questions que vous le souhaitez (fera l\u2019objet d\u2019un devis) par pr\u00e9sentation avec les combinaisons de question que vous souhaitez<\/p>\n\t\t<\/div>\n\t<\/div><!-- .icon-box -->\n\t\n\t\n<\/div><\/div>\n<\/div>\n<\/div><\/div>\n<\/div>\n","protected":false},"excerpt":{"rendered":"","protected":false},"author":2,"featured_media":0,"parent":0,"menu_order":0,"comment_status":"closed","ping_status":"closed","template":"page-blank.php","meta":[],"_links":{"self":[{"href":"https:\/\/www.pcmquiz.com\/landing\/wp-json\/wp\/v2\/pages\/267"}],"collection":[{"href":"https:\/\/www.pcmquiz.com\/landing\/wp-json\/wp\/v2\/pages"}],"about":[{"href":"https:\/\/www.pcmquiz.com\/landing\/wp-json\/wp\/v2\/types\/page"}],"author":[{"embeddable":true,"href":"https:\/\/www.pcmquiz.com\/landing\/wp-json\/wp\/v2\/users\/2"}],"replies":[{"embeddable":true,"href":"https:\/\/www.pcmquiz.com\/landing\/wp-json\/wp\/v2\/comments?post=267"}],"version-history":[{"count":51,"href":"https:\/\/www.pcmquiz.com\/landing\/wp-json\/wp\/v2\/pages\/267\/revisions"}],"predecessor-version":[{"id":779,"href":"https:\/\/www.pcmquiz.com\/landing\/wp-json\/wp\/v2\/pages\/267\/revisions\/779"}],"wp:attachment":[{"href":"https:\/\/www.pcmquiz.com\/landing\/wp-json\/wp\/v2\/media?parent=267"}],"curies":[{"name":"wp","href":"https:\/\/api.w.org\/{rel}","templated":true}]}}